{"id":17,"date":"2026-01-07T18:27:52","date_gmt":"2026-01-07T18:27:52","guid":{"rendered":"https:\/\/vendimax.com.mx\/?page_id=17"},"modified":"2026-03-04T15:48:32","modified_gmt":"2026-03-04T15:48:32","slug":"blog","status":"publish","type":"page","link":"https:\/\/vendimax.com.mx\/?page_id=17","title":{"rendered":"Blog"},"content":{"rendered":"<div class=\"module hero animate fadeIn\">\n    <div class=\"container\">\n        <div class=\"row\">\n            <div class=\"col-lg-6\">\n                <h1>M\u00e1quinas vending con productos de las <span>mejores marcas<\/span><\/h1>\n                <p>Snacks, bebidas y caf\u00e9 disponibles al instante para tu empresa.<\/p>\n                                    <a href=\"https:\/\/wa.me\/522211066374?text=Quiero%20m%C3%A1s%20informaci%C3%B3n\" target=\"_self\" class=\"btn\">\n                        <svg xmlns=\"http:\/\/www.w3.org\/2000\/svg\" width=\"21\" height=\"21\" fill=\"currentColor\" class=\"bi bi-whatsapp\" viewBox=\"0 0 16 16\">\n                        <path d=\"M13.601 2.326A7.85 7.85 0 0 0 7.994 0C3.627 0 .068 3.558.064 7.926c0 1.399.366 2.76 1.057 3.965L0 16l4.204-1.102a7.9 7.9 0 0 0 3.79.965h.004c4.368 0 7.926-3.558 7.93-7.93A7.9 7.9 0 0 0 13.6 2.326zM7.994 14.521a6.6 6.6 0 0 1-3.356-.92l-.24-.144-2.494.654.666-2.433-.156-.251a6.56 6.56 0 0 1-1.007-3.505c0-3.626 2.957-6.584 6.591-6.584a6.56 6.56 0 0 1 4.66 1.931 6.56 6.56 0 0 1 1.928 4.66c-.004 3.639-2.961 6.592-6.592 6.592m3.615-4.934c-.197-.099-1.17-.578-1.353-.646-.182-.065-.315-.099-.445.099-.133.197-.513.646-.627.775-.114.133-.232.148-.43.05-.197-.1-.836-.308-1.592-.985-.59-.525-.985-1.175-1.103-1.372-.114-.198-.011-.304.088-.403.087-.088.197-.232.296-.346.1-.114.133-.198.198-.33.065-.134.034-.248-.015-.347-.05-.099-.445-1.076-.612-1.47-.16-.389-.323-.335-.445-.34-.114-.007-.247-.007-.38-.007a.73.73 0 0 0-.529.247c-.182.198-.691.677-.691 1.654s.71 1.916.81 2.049c.098.133 1.394 2.132 3.383 2.992.47.205.84.326 1.129.418.475.152.904.129 1.246.08.38-.058 1.171-.48 1.338-.943.164-.464.164-.86.114-.943-.049-.084-.182-.133-.38-.232\"\/>\n                        <\/svg>\n                        <span>Cotiza ahora por WhatsApp<\/span>\n                    <\/a>\n                                                    <ul>\n                                                <li>\n                            <span><svg width=\"16\" height=\"16\" viewBox=\"0 0 16 16\" fill=\"none\" xmlns=\"http:\/\/www.w3.org\/2000\/svg\">\n                            <g clip-path=\"url(#clip0_49_747)\">\n                            <path d=\"M8 16C10.1217 16 12.1566 15.1571 13.6569 13.6569C15.1571 12.1566 16 10.1217 16 8C16 5.87827 15.1571 3.84344 13.6569 2.34315C12.1566 0.842855 10.1217 0 8 0C5.87827 0 3.84344 0.842855 2.34315 2.34315C0.842855 3.84344 0 5.87827 0 8C0 10.1217 0.842855 12.1566 2.34315 13.6569C3.84344 15.1571 5.87827 16 8 16ZM11.5312 6.53125L7.53125 10.5312C7.2375 10.825 6.7625 10.825 6.47188 10.5312L4.47188 8.53125C4.17813 8.2375 4.17813 7.7625 4.47188 7.47188C4.76562 7.18125 5.24062 7.17813 5.53125 7.47188L7 8.94063L10.4688 5.46875C10.7625 5.175 11.2375 5.175 11.5281 5.46875C11.8187 5.7625 11.8219 6.2375 11.5281 6.52812L11.5312 6.53125Z\" fill=\"#008C95\"\/>\n                            <\/g>\n                            <defs>\n                            <clipPath id=\"clip0_49_747\">\n                            <rect width=\"16\" height=\"16\" fill=\"white\"\/>\n                            <\/clipPath>\n                            <\/defs>\n                            <\/svg>\n                            Instalaci\u00f3n gratuita                            <\/span>\n                        <\/li>  \n                                                <li>\n                            <span><svg width=\"16\" height=\"16\" viewBox=\"0 0 16 16\" fill=\"none\" xmlns=\"http:\/\/www.w3.org\/2000\/svg\">\n                            <g clip-path=\"url(#clip0_49_747)\">\n                            <path d=\"M8 16C10.1217 16 12.1566 15.1571 13.6569 13.6569C15.1571 12.1566 16 10.1217 16 8C16 5.87827 15.1571 3.84344 13.6569 2.34315C12.1566 0.842855 10.1217 0 8 0C5.87827 0 3.84344 0.842855 2.34315 2.34315C0.842855 3.84344 0 5.87827 0 8C0 10.1217 0.842855 12.1566 2.34315 13.6569C3.84344 15.1571 5.87827 16 8 16ZM11.5312 6.53125L7.53125 10.5312C7.2375 10.825 6.7625 10.825 6.47188 10.5312L4.47188 8.53125C4.17813 8.2375 4.17813 7.7625 4.47188 7.47188C4.76562 7.18125 5.24062 7.17813 5.53125 7.47188L7 8.94063L10.4688 5.46875C10.7625 5.175 11.2375 5.175 11.5281 5.46875C11.8187 5.7625 11.8219 6.2375 11.5281 6.52812L11.5312 6.53125Z\" fill=\"#008C95\"\/>\n                            <\/g>\n                            <defs>\n                            <clipPath id=\"clip0_49_747\">\n                            <rect width=\"16\" height=\"16\" fill=\"white\"\/>\n                            <\/clipPath>\n                            <\/defs>\n                            <\/svg>\n                            Mantenimiento incluido                            <\/span>\n                        <\/li>  \n                                            <\/ul>\n                            <\/div>\n            <div class=\"col-lg-6 align-self-center\">\n                                    <img decoding=\"async\" src=\"https:\/\/vendimax.com.mx\/wp-content\/uploads\/2026\/01\/image-holder-2.png\" alt=\"\">\n                            <\/div>\n        <\/div>\n    <\/div>\n<\/div>\n\n\n\n\n<div class=\"module posts-grid animate fadeInLeft\">\n    <div class=\"container\">\n                    <div class=\"row\">\n                <h2>Art\u00edculos recientes<\/h2>\n            <\/div>\n                            <div class=\"row posts-list__grid d_flex justify-content-center\">\n                                    <div class=\"col-xl-4 col-lg-6 col-md-6\">\n                        <div class=\"post\">\n                            <article class=\"post-card\">\n                                                                    <a href=\"https:\/\/vendimax.com.mx\/?p=254\">\n                                        <img loading=\"lazy\" decoding=\"async\" width=\"1152\" height=\"896\" src=\"https:\/\/vendimax.com.mx\/wp-content\/uploads\/2026\/01\/6a6a3da984f199330d91ddbb701a99ff0d37086d.png\" class=\"attachment-post-thumbnail size-post-thumbnail wp-post-image\" alt=\"\" srcset=\"https:\/\/vendimax.com.mx\/wp-content\/uploads\/2026\/01\/6a6a3da984f199330d91ddbb701a99ff0d37086d.png 1152w, https:\/\/vendimax.com.mx\/wp-content\/uploads\/2026\/01\/6a6a3da984f199330d91ddbb701a99ff0d37086d-300x233.png 300w, https:\/\/vendimax.com.mx\/wp-content\/uploads\/2026\/01\/6a6a3da984f199330d91ddbb701a99ff0d37086d-1024x796.png 1024w\" sizes=\"auto, (max-width: 1152px) 100vw, 1152px\" \/>                                    <\/a>\n                                                                <div class=\"info\">\n                                    <span class=\"tags\">\n                                        <span class=\"tag\">Tips para empresas<\/span>                                    <\/span>\n                                    <h3><a href=\"https:\/\/vendimax.com.mx\/?p=254\">Por qu\u00e9 aceptar vales de despensa en tu vending es un beneficio ganador<\/a><\/h3>\n                                    <p>Este art\u00edculo analiza c\u00f3mo las m\u00e1quinas vending modernas aceptan pagos flexibles, beneficiando al empleado y a la empresa.<\/p>\n                                <\/div>\n                                <div class=\"read-more\">\n                                    <div class=\"row\">\n                                        <div class=\"col-lg-6\">\n                                            <a href=\"https:\/\/vendimax.com.mx\/?p=254\"><span>Leer m\u00e1s<\/span>\n                                            <svg width=\"22\" height=\"13\" viewBox=\"0 0 22 13\" fill=\"none\" xmlns=\"http:\/\/www.w3.org\/2000\/svg\">\n                                            <g clip-path=\"url(#clip0_92_14)\">\n                                            <path d=\"M20.549 6.31055H1.5835\" stroke=\"#00383C\" stroke-width=\"1.51724\" stroke-linecap=\"round\" stroke-linejoin=\"round\"\/>\n                                            <path d=\"M15.6182 1L20.9285 6.31034L15.6182 11.6207\" stroke=\"#00383C\" stroke-width=\"1.51724\" stroke-linecap=\"round\" stroke-linejoin=\"round\"\/>\n                                            <\/g>\n                                            <defs>\n                                            <clipPath id=\"clip0_92_14\">\n                                            <rect width=\"22\" height=\"13\" fill=\"white\"\/>\n                                            <\/clipPath>\n                                            <\/defs>\n                                            <\/svg><\/a>\n                                        <\/div>\n                                        <div class=\"col-lg-6 date\">\n                                            13 enero, 2026                                        <\/div>\n                                    <\/div>\n                                <\/div>\n                            <\/article>\n                        <\/div>\n                    <\/div>\n                                    <div class=\"col-xl-4 col-lg-6 col-md-6\">\n                        <div class=\"post\">\n                            <article class=\"post-card\">\n                                                                    <a href=\"https:\/\/vendimax.com.mx\/?p=248\">\n                                        <img loading=\"lazy\" decoding=\"async\" width=\"1152\" height=\"896\" src=\"https:\/\/vendimax.com.mx\/wp-content\/uploads\/2026\/01\/3342696d2daf5849cf2c059173af8f2bec238fb9.png\" class=\"attachment-post-thumbnail size-post-thumbnail wp-post-image\" alt=\"\" srcset=\"https:\/\/vendimax.com.mx\/wp-content\/uploads\/2026\/01\/3342696d2daf5849cf2c059173af8f2bec238fb9.png 1152w, https:\/\/vendimax.com.mx\/wp-content\/uploads\/2026\/01\/3342696d2daf5849cf2c059173af8f2bec238fb9-300x233.png 300w, https:\/\/vendimax.com.mx\/wp-content\/uploads\/2026\/01\/3342696d2daf5849cf2c059173af8f2bec238fb9-1024x796.png 1024w\" sizes=\"auto, (max-width: 1152px) 100vw, 1152px\" \/>                                    <\/a>\n                                                                <div class=\"info\">\n                                    <span class=\"tags\">\n                                        <span class=\"tag\">Innovaci\u00f3n Vendimax<\/span>                                    <\/span>\n                                    <h3><a href=\"https:\/\/vendimax.com.mx\/?p=248\">\u00bfLa m\u00e1quina de snacks siempre vac\u00eda? C\u00f3mo NAYAX evita la decepci\u00f3n<\/a><\/h3>\n                                    <p>Una mirada a c\u00f3mo NAYAX optimiza el inventario en tiempo real, garantizando el surtido de productos antes de que se&hellip;<\/p>\n                                <\/div>\n                                <div class=\"read-more\">\n                                    <div class=\"row\">\n                                        <div class=\"col-lg-6\">\n                                            <a href=\"https:\/\/vendimax.com.mx\/?p=248\"><span>Leer m\u00e1s<\/span>\n                                            <svg width=\"22\" height=\"13\" viewBox=\"0 0 22 13\" fill=\"none\" xmlns=\"http:\/\/www.w3.org\/2000\/svg\">\n                                            <g clip-path=\"url(#clip0_92_14)\">\n                                            <path d=\"M20.549 6.31055H1.5835\" stroke=\"#00383C\" stroke-width=\"1.51724\" stroke-linecap=\"round\" stroke-linejoin=\"round\"\/>\n                                            <path d=\"M15.6182 1L20.9285 6.31034L15.6182 11.6207\" stroke=\"#00383C\" stroke-width=\"1.51724\" stroke-linecap=\"round\" stroke-linejoin=\"round\"\/>\n                                            <\/g>\n                                            <defs>\n                                            <clipPath id=\"clip0_92_14\">\n                                            <rect width=\"22\" height=\"13\" fill=\"white\"\/>\n                                            <\/clipPath>\n                                            <\/defs>\n                                            <\/svg><\/a>\n                                        <\/div>\n                                        <div class=\"col-lg-6 date\">\n                                            13 enero, 2026                                        <\/div>\n                                    <\/div>\n                                <\/div>\n                            <\/article>\n                        <\/div>\n                    <\/div>\n                                    <div class=\"col-xl-4 col-lg-6 col-md-6\">\n                        <div class=\"post\">\n                            <article class=\"post-card\">\n                                                                    <a href=\"https:\/\/vendimax.com.mx\/?p=1\">\n                                        <img loading=\"lazy\" decoding=\"async\" width=\"1152\" height=\"896\" src=\"https:\/\/vendimax.com.mx\/wp-content\/uploads\/2026\/01\/3d6f17ec4b1017b67a8dd7a59f5782c073903bf9.png\" class=\"attachment-post-thumbnail size-post-thumbnail wp-post-image\" alt=\"\" srcset=\"https:\/\/vendimax.com.mx\/wp-content\/uploads\/2026\/01\/3d6f17ec4b1017b67a8dd7a59f5782c073903bf9.png 1152w, https:\/\/vendimax.com.mx\/wp-content\/uploads\/2026\/01\/3d6f17ec4b1017b67a8dd7a59f5782c073903bf9-300x233.png 300w, https:\/\/vendimax.com.mx\/wp-content\/uploads\/2026\/01\/3d6f17ec4b1017b67a8dd7a59f5782c073903bf9-1024x796.png 1024w\" sizes=\"auto, (max-width: 1152px) 100vw, 1152px\" \/>                                    <\/a>\n                                                                <div class=\"info\">\n                                    <span class=\"tags\">\n                                        <span class=\"tag\">Innovaci\u00f3n Vendimax<\/span>                                    <\/span>\n                                    <h3><a href=\"https:\/\/vendimax.com.mx\/?p=1\">\u00a1Tu antojo, tu elecci\u00f3n! El poder de personalizar tu m\u00e1quina con un simple QR<\/a><\/h3>\n                                    <p>Explica c\u00f3mo el innovador sistema de sugerencias por QR permite a los usuarios participar en la selecci\u00f3n de productos.<\/p>\n                                <\/div>\n                                <div class=\"read-more\">\n                                    <div class=\"row\">\n                                        <div class=\"col-lg-6\">\n                                            <a href=\"https:\/\/vendimax.com.mx\/?p=1\"><span>Leer m\u00e1s<\/span>\n                                            <svg width=\"22\" height=\"13\" viewBox=\"0 0 22 13\" fill=\"none\" xmlns=\"http:\/\/www.w3.org\/2000\/svg\">\n                                            <g clip-path=\"url(#clip0_92_14)\">\n                                            <path d=\"M20.549 6.31055H1.5835\" stroke=\"#00383C\" stroke-width=\"1.51724\" stroke-linecap=\"round\" stroke-linejoin=\"round\"\/>\n                                            <path d=\"M15.6182 1L20.9285 6.31034L15.6182 11.6207\" stroke=\"#00383C\" stroke-width=\"1.51724\" stroke-linecap=\"round\" stroke-linejoin=\"round\"\/>\n                                            <\/g>\n                                            <defs>\n                                            <clipPath id=\"clip0_92_14\">\n                                            <rect width=\"22\" height=\"13\" fill=\"white\"\/>\n                                            <\/clipPath>\n                                            <\/defs>\n                                            <\/svg><\/a>\n                                        <\/div>\n                                        <div class=\"col-lg-6 date\">\n                                            7 enero, 2026                                        <\/div>\n                                    <\/div>\n                                <\/div>\n                            <\/article>\n                        <\/div>\n                    <\/div>\n                            <\/div>\n                        <\/div>\n<\/div>\n","protected":false},"excerpt":{"rendered":"","protected":false},"author":1,"featured_media":0,"parent":0,"menu_order":0,"comment_status":"closed","ping_status":"closed","template":"template-empty-page.php","meta":{"_acf_changed":false,"footnotes":""},"class_list":["post-17","page","type-page","status-publish","hentry"],"acf":[],"_links":{"self":[{"href":"https:\/\/vendimax.com.mx\/index.php?rest_route=\/wp\/v2\/pages\/17","targetHints":{"allow":["GET"]}}],"collection":[{"href":"https:\/\/vendimax.com.mx\/index.php?rest_route=\/wp\/v2\/pages"}],"about":[{"href":"https:\/\/vendimax.com.mx\/index.php?rest_route=\/wp\/v2\/types\/page"}],"author":[{"embeddable":true,"href":"https:\/\/vendimax.com.mx\/index.php?rest_route=\/wp\/v2\/users\/1"}],"replies":[{"embeddable":true,"href":"https:\/\/vendimax.com.mx\/index.php?rest_route=%2Fwp%2Fv2%2Fcomments&post=17"}],"version-history":[{"count":7,"href":"https:\/\/vendimax.com.mx\/index.php?rest_route=\/wp\/v2\/pages\/17\/revisions"}],"predecessor-version":[{"id":358,"href":"https:\/\/vendimax.com.mx\/index.php?rest_route=\/wp\/v2\/pages\/17\/revisions\/358"}],"wp:attachment":[{"href":"https:\/\/vendimax.com.mx\/index.php?rest_route=%2Fwp%2Fv2%2Fmedia&parent=17"}],"curies":[{"name":"wp","href":"https:\/\/api.w.org\/{rel}","templated":true}]}}