{"id":2,"date":"2026-01-07T18:14:52","date_gmt":"2026-01-07T18:14:52","guid":{"rendered":"https:\/\/vendimax.com.mx\/?page_id=2"},"modified":"2026-02-04T21:44:27","modified_gmt":"2026-02-04T21:44:27","slug":"nosotros","status":"publish","type":"page","link":"https:\/\/vendimax.com.mx\/?page_id=2","title":{"rendered":"Nosotros"},"content":{"rendered":"<div class=\"module hero-text-and-image animate fadeIn\">\n    <div class=\"hero-bg-shape\" style=\"background-image: url(https:\/\/vendimax.com.mx\/wp-content\/uploads\/2026\/02\/Rectangle-top.png);\">\n    <\/div>\n    <div class=\"container hero-content\">\n                    <div class=\"row\">\n                <h1 class=\"text-center\">Qui\u00e9nes somos<\/h1>\n                <span class=\"subtitle\">Conoce la historia, valores y misi\u00f3n que nos impulsan a ser l\u00edderes en nuestro sector<\/span>\n            <\/div>\n        \n        <div class=\"row\">\n            <div class=\"col-lg-6 align-self-center order-lg-1 order-md-2 order-2\">\n                <p><strong>En Vendimax nos adaptamos a las necesidades espec\u00edficas de cada cliente, evaluando el volumen promedio de personas que consumir\u00e1n nuestros productos.<\/strong><\/p>\n<p>Ofrecemos m\u00e1quinas con capacidades \u00f3ptimas para garantizar el abastecimiento y satisfacer eficientemente la demanda.\u00a0Nos enfocamos en ofrecer un servicio integral y personalizado, atendiendo las sugerencias de nuestros clientes y asegurando un abastecimiento continuo para garantizar una experiencia de compra \u00fanica y cercana.<\/p>\n            <\/div>\n            <div class=\"col-lg-6 order-lg-2 order-md-1 order-1\">\n                                    <img decoding=\"async\" src=\"https:\/\/vendimax.com.mx\/wp-content\/uploads\/2026\/01\/Frame-61.png\" alt=\"\">\n                            <\/div>\n        <\/div>\n    <\/div>\n<\/div>\n\n\n<div class=\"module company-overview animate fadeInLeft\">\n    <div class=\"container\">\n        <div class=\"row\">\n            <div class=\"col-lg-6 text align-self-center\">\n                                   <h2>Definidos por el servicio,<br> impulsados por el liderazgo.<\/h2>\n                                                    <p>Nuestra misi\u00f3n se centra en un prop\u00f3sito esencial: brindar un servicio personalizado que se ajuste a tus necesidades. Esto lo conseguimos gracias a una visi\u00f3n clara de liderazgo, calidad e innovaci\u00f3n continua, lo que nos posiciona como tu socio ideal.<\/p>\n                            <\/div>\n            <div class=\"col-lg-6\">\n                                <div class=\"list\">\n                                        <div class=\"row item-list\">\n                                                    <img decoding=\"async\" src=\"https:\/\/vendimax.com.mx\/wp-content\/uploads\/2026\/01\/Group.png\" alt=\"\">\n                                                <h3>MISI\u00d3N<\/h3>                        \n                        <span><p>En Vendimax, nos enfocamos en ofrecer a nuestros clientes la mejor soluci\u00f3n en m\u00e1quinas vending, con una amplia variedad de productos y servicios, precios competitivos y un servicio personalizado que se adapta a sus necesidades<\/p>\n<\/span>\n                    <\/div>\n                                        <div class=\"row item-list\">\n                                                    <img decoding=\"async\" src=\"https:\/\/vendimax.com.mx\/wp-content\/uploads\/2026\/01\/witness-1.png\" alt=\"\">\n                                                <h3>VISI\u00d3N<\/h3>                        \n                        <span><p>Consolidarnos como la empresa mexicana l\u00edder en m\u00e1quinas vending, reconocida por nuestro servicio excepcional, productos de alta calidad y compromiso con la innovaci\u00f3n constante.<\/p>\n<\/span>\n                    <\/div>\n                                    <\/div>\n                        <\/div>\n        <\/div>\n    <\/div>\n<\/div>\n\n<div class=\"module projects-grid animate fadeInRight\">\n    <div class=\"container\">\n        <div class=\"row\">\n                            <h2>Llevamos la Experiencia Vendimax a Tu Espacio<\/h2>\n                                        <span class=\"subtitle\">Adaptamos nuestras soluciones de vending a cualquier entorno, garantizando productos frescos, tecnolog\u00eda de pago avanzada y servicio 24\/7 donde m\u00e1s lo necesitas.<\/span>\n                    <\/div>\n        <div class=\"row cards\">\n                                                    <div class=\"col-lg-4 col-md-6 col-12\">\n                            <div class=\"card\">\n                                <img decoding=\"async\" src=\"https:\/\/vendimax.com.mx\/wp-content\/uploads\/2026\/01\/image-18-1.png\" alt=\"\">\n                                <h3>F\u00e1bricas y Plantas Industriales<\/h3>\n                                <p>Ofrecemos hidrataci\u00f3n y snacks esenciales para los trabajadores en todos los turnos, mejorando el ambiente laboral.<\/p>\n                            <\/div>\n                        <\/div>\n                                                            <div class=\"col-lg-4 col-md-6 col-12\">\n                            <div class=\"card\">\n                                <img decoding=\"async\" src=\"https:\/\/vendimax.com.mx\/wp-content\/uploads\/2026\/01\/image-18-6.png\" alt=\"\">\n                                <h3>Escuelas y Universidades<\/h3>\n                                <p>Opciones nutritivas y r\u00e1pidas para estudiantes y profesores, perfectas para recargar energ\u00edas entre clases.<\/p>\n                            <\/div>\n                        <\/div>\n                                                            <div class=\"col-lg-4 col-md-6 col-12\">\n                            <div class=\"card\">\n                                <img decoding=\"async\" src=\"https:\/\/vendimax.com.mx\/wp-content\/uploads\/2026\/01\/image-18-2.png\" alt=\"\">\n                                <h3>Hospitales y Cl\u00ednicas<\/h3>\n                                <p>Servicio 24\/7 para personal m\u00e9dico de guardia y confort para familiares en salas de espera.<\/p>\n                            <\/div>\n                        <\/div>\n                                                            <div class=\"col-lg-4 col-md-6 col-12\">\n                            <div class=\"card\">\n                                <img decoding=\"async\" src=\"https:\/\/vendimax.com.mx\/wp-content\/uploads\/2026\/01\/image-18-3.png\" alt=\"\">\n                                <h3>Fraccionamientos y Residenciales<\/h3>\n                                <p>Una &#8220;tiendita&#8221; segura y accesible dentro de tu complejo residencial, disponible d\u00eda y noche.<\/p>\n                            <\/div>\n                        <\/div>\n                                                            <div class=\"col-lg-4 col-md-6 col-12\">\n                            <div class=\"card\">\n                                <img decoding=\"async\" src=\"https:\/\/vendimax.com.mx\/wp-content\/uploads\/2026\/01\/image-18-4.png\" alt=\"\">\n                                <h3>Dependencias P\u00fablicas<\/h3>\n                                <p>Amenizamos la espera de los usuarios y ofrecemos una pausa pr\u00e1ctica para los funcionarios p\u00fablicos.<\/p>\n                            <\/div>\n                        <\/div>\n                                                            <div class=\"col-lg-4 col-md-6 col-12\">\n                            <div class=\"card\">\n                                <img decoding=\"async\" src=\"https:\/\/vendimax.com.mx\/wp-content\/uploads\/2026\/01\/image-18-5.png\" alt=\"\">\n                                <h3>Centros Comerciales<\/h3>\n                                <p>Puntos de hidrataci\u00f3n y antojo estrat\u00e9gicos para los visitantes y empleados de las tiendas.<\/p>\n                            <\/div>\n                        <\/div>\n                                                        <\/div>\n    <\/div>\n<\/div>\n\n\n\n<div class=\"module icon-cards bg-three animate fadeInLeft\">\n    <div class=\"container\">\n        <div class=\"row\">\n                            <h2>Nuestros valores<\/h2>\n                                        <span class=\"subtitle\">Los principios fundamentales que gu\u00edan cada decisi\u00f3n y acci\u00f3n en Vendimax<\/span>\n                    <\/div>\n        <div class=\"row\">\n                                                <div class=\"col-lg-4 col-md-6 col-12\">\n                        <div class=\"card\">\n                                                            <img decoding=\"async\" src=\"https:\/\/vendimax.com.mx\/wp-content\/uploads\/2026\/01\/Background-7.png\" alt=\"\">\n                                                        <h3>Responsabilidad<\/h3>\n                            <p>Garantizamos el abasto continuo y el mantenimiento oportuno para asegurar un servicio confiable.<\/p>\n                        <\/div>\n                    <\/div>\n                                    <div class=\"col-lg-4 col-md-6 col-12\">\n                        <div class=\"card\">\n                                                            <img decoding=\"async\" src=\"https:\/\/vendimax.com.mx\/wp-content\/uploads\/2026\/01\/Background-8.png\" alt=\"\">\n                                                        <h3>Honestidad<\/h3>\n                            <p>Actuamos con transparencia, ofreciendo precios justos y \u00fanicamente productos originales de marcas reconocidas.<\/p>\n                        <\/div>\n                    <\/div>\n                                    <div class=\"col-lg-4 col-md-6 col-12\">\n                        <div class=\"card\">\n                                                            <img decoding=\"async\" src=\"https:\/\/vendimax.com.mx\/wp-content\/uploads\/2026\/01\/Background-9.png\" alt=\"\">\n                                                        <h3>Disciplina<\/h3>\n                            <p>Cumplimos nuestros planes de mantenimiento para asegurar el funcionamiento de los equipos.<\/p>\n                        <\/div>\n                    <\/div>\n                                    <div class=\"col-lg-4 col-md-6 col-12\">\n                        <div class=\"card\">\n                                                            <img decoding=\"async\" src=\"https:\/\/vendimax.com.mx\/wp-content\/uploads\/2026\/01\/Background-10.png\" alt=\"\">\n                                                        <h3>Cercan\u00eda al cliente<\/h3>\n                            <p>Escuchamos las sugerencias de los usuarios y adaptamos nuestro servicio a las necesidades de cada empresa.<\/p>\n                        <\/div>\n                    <\/div>\n                                    <div class=\"col-lg-4 col-md-6 col-12\">\n                        <div class=\"card\">\n                                                            <img decoding=\"async\" src=\"https:\/\/vendimax.com.mx\/wp-content\/uploads\/2026\/01\/Background-11.png\" alt=\"\">\n                                                        <h3>Respeto<\/h3>\n                            <p>Nuestro personal acude uniformado y nos adaptamos visualmente a tu imagen corporativa, respetando tus instalaciones.<\/p>\n                        <\/div>\n                    <\/div>\n                                    <div class=\"col-lg-4 col-md-6 col-12\">\n                        <div class=\"card\">\n                                                            <img decoding=\"async\" src=\"https:\/\/vendimax.com.mx\/wp-content\/uploads\/2026\/01\/Background-12.png\" alt=\"\">\n                                                        <h3>Innovaci\u00f3n<\/h3>\n                            <p>Implementamos tecnolog\u00eda de punta, desde m\u00faltiples opciones de pago hasta telemetr\u00eda para un servicio proactivo.<\/p>\n                        <\/div>\n                    <\/div>\n                                    <\/div>\n    <\/div>\n<\/div>\n","protected":false},"excerpt":{"rendered":"","protected":false},"author":1,"featured_media":0,"parent":0,"menu_order":0,"comment_status":"closed","ping_status":"closed","template":"template-empty-page.php","meta":{"_acf_changed":false,"footnotes":""},"class_list":["post-2","page","type-page","status-publish","hentry"],"acf":[],"_links":{"self":[{"href":"https:\/\/vendimax.com.mx\/index.php?rest_route=\/wp\/v2\/pages\/2","targetHints":{"allow":["GET"]}}],"collection":[{"href":"https:\/\/vendimax.com.mx\/index.php?rest_route=\/wp\/v2\/pages"}],"about":[{"href":"https:\/\/vendimax.com.mx\/index.php?rest_route=\/wp\/v2\/types\/page"}],"author":[{"embeddable":true,"href":"https:\/\/vendimax.com.mx\/index.php?rest_route=\/wp\/v2\/users\/1"}],"replies":[{"embeddable":true,"href":"https:\/\/vendimax.com.mx\/index.php?rest_route=%2Fwp%2Fv2%2Fcomments&post=2"}],"version-history":[{"count":12,"href":"https:\/\/vendimax.com.mx\/index.php?rest_route=\/wp\/v2\/pages\/2\/revisions"}],"predecessor-version":[{"id":341,"href":"https:\/\/vendimax.com.mx\/index.php?rest_route=\/wp\/v2\/pages\/2\/revisions\/341"}],"wp:attachment":[{"href":"https:\/\/vendimax.com.mx\/index.php?rest_route=%2Fwp%2Fv2%2Fmedia&parent=2"}],"curies":[{"name":"wp","href":"https:\/\/api.w.org\/{rel}","templated":true}]}}