{"id":9,"date":"2026-01-07T18:22:12","date_gmt":"2026-01-07T18:22:12","guid":{"rendered":"https:\/\/vendimax.com.mx\/?page_id=9"},"modified":"2026-03-24T19:25:12","modified_gmt":"2026-03-24T19:25:12","slug":"inicio","status":"publish","type":"page","link":"https:\/\/vendimax.com.mx\/","title":{"rendered":"Inicio"},"content":{"rendered":"<div class=\"module hero animate fadeIn\">\n    <div class=\"container\">\n        <div class=\"row\">\n            <div class=\"col-lg-6\">\n                <h1>M\u00e1quinas vending con productos de las <span>mejores marcas<\/span><\/h1>\n                <p>Snacks, bebidas y caf\u00e9 disponibles al instante para tu empresa.<\/p>\n                                    <a href=\"https:\/\/wa.me\/522211066374?text=Quiero%20recibir%20m%C3%A1s%20informaci%C3%B3n\" target=\"_self\" class=\"btn\">\n                        <svg xmlns=\"http:\/\/www.w3.org\/2000\/svg\" width=\"21\" height=\"21\" fill=\"currentColor\" class=\"bi bi-whatsapp\" viewBox=\"0 0 16 16\">\n                        <path d=\"M13.601 2.326A7.85 7.85 0 0 0 7.994 0C3.627 0 .068 3.558.064 7.926c0 1.399.366 2.76 1.057 3.965L0 16l4.204-1.102a7.9 7.9 0 0 0 3.79.965h.004c4.368 0 7.926-3.558 7.93-7.93A7.9 7.9 0 0 0 13.6 2.326zM7.994 14.521a6.6 6.6 0 0 1-3.356-.92l-.24-.144-2.494.654.666-2.433-.156-.251a6.56 6.56 0 0 1-1.007-3.505c0-3.626 2.957-6.584 6.591-6.584a6.56 6.56 0 0 1 4.66 1.931 6.56 6.56 0 0 1 1.928 4.66c-.004 3.639-2.961 6.592-6.592 6.592m3.615-4.934c-.197-.099-1.17-.578-1.353-.646-.182-.065-.315-.099-.445.099-.133.197-.513.646-.627.775-.114.133-.232.148-.43.05-.197-.1-.836-.308-1.592-.985-.59-.525-.985-1.175-1.103-1.372-.114-.198-.011-.304.088-.403.087-.088.197-.232.296-.346.1-.114.133-.198.198-.33.065-.134.034-.248-.015-.347-.05-.099-.445-1.076-.612-1.47-.16-.389-.323-.335-.445-.34-.114-.007-.247-.007-.38-.007a.73.73 0 0 0-.529.247c-.182.198-.691.677-.691 1.654s.71 1.916.81 2.049c.098.133 1.394 2.132 3.383 2.992.47.205.84.326 1.129.418.475.152.904.129 1.246.08.38-.058 1.171-.48 1.338-.943.164-.464.164-.86.114-.943-.049-.084-.182-.133-.38-.232\"\/>\n                        <\/svg>\n                        <span>Cotiza ahora por WhatsApp<\/span>\n                    <\/a>\n                                                    <ul>\n                                                <li>\n                            <span><svg width=\"16\" height=\"16\" viewBox=\"0 0 16 16\" fill=\"none\" xmlns=\"http:\/\/www.w3.org\/2000\/svg\">\n                            <g clip-path=\"url(#clip0_49_747)\">\n                            <path d=\"M8 16C10.1217 16 12.1566 15.1571 13.6569 13.6569C15.1571 12.1566 16 10.1217 16 8C16 5.87827 15.1571 3.84344 13.6569 2.34315C12.1566 0.842855 10.1217 0 8 0C5.87827 0 3.84344 0.842855 2.34315 2.34315C0.842855 3.84344 0 5.87827 0 8C0 10.1217 0.842855 12.1566 2.34315 13.6569C3.84344 15.1571 5.87827 16 8 16ZM11.5312 6.53125L7.53125 10.5312C7.2375 10.825 6.7625 10.825 6.47188 10.5312L4.47188 8.53125C4.17813 8.2375 4.17813 7.7625 4.47188 7.47188C4.76562 7.18125 5.24062 7.17813 5.53125 7.47188L7 8.94063L10.4688 5.46875C10.7625 5.175 11.2375 5.175 11.5281 5.46875C11.8187 5.7625 11.8219 6.2375 11.5281 6.52812L11.5312 6.53125Z\" fill=\"#008C95\"\/>\n                            <\/g>\n                            <defs>\n                            <clipPath id=\"clip0_49_747\">\n                            <rect width=\"16\" height=\"16\" fill=\"white\"\/>\n                            <\/clipPath>\n                            <\/defs>\n                            <\/svg>\n                            Instalaci\u00f3n gratuita                            <\/span>\n                        <\/li>  \n                                                <li>\n                            <span><svg width=\"16\" height=\"16\" viewBox=\"0 0 16 16\" fill=\"none\" xmlns=\"http:\/\/www.w3.org\/2000\/svg\">\n                            <g clip-path=\"url(#clip0_49_747)\">\n                            <path d=\"M8 16C10.1217 16 12.1566 15.1571 13.6569 13.6569C15.1571 12.1566 16 10.1217 16 8C16 5.87827 15.1571 3.84344 13.6569 2.34315C12.1566 0.842855 10.1217 0 8 0C5.87827 0 3.84344 0.842855 2.34315 2.34315C0.842855 3.84344 0 5.87827 0 8C0 10.1217 0.842855 12.1566 2.34315 13.6569C3.84344 15.1571 5.87827 16 8 16ZM11.5312 6.53125L7.53125 10.5312C7.2375 10.825 6.7625 10.825 6.47188 10.5312L4.47188 8.53125C4.17813 8.2375 4.17813 7.7625 4.47188 7.47188C4.76562 7.18125 5.24062 7.17813 5.53125 7.47188L7 8.94063L10.4688 5.46875C10.7625 5.175 11.2375 5.175 11.5281 5.46875C11.8187 5.7625 11.8219 6.2375 11.5281 6.52812L11.5312 6.53125Z\" fill=\"#008C95\"\/>\n                            <\/g>\n                            <defs>\n                            <clipPath id=\"clip0_49_747\">\n                            <rect width=\"16\" height=\"16\" fill=\"white\"\/>\n                            <\/clipPath>\n                            <\/defs>\n                            <\/svg>\n                            Mantenimiento incluido                            <\/span>\n                        <\/li>  \n                                            <\/ul>\n                            <\/div>\n            <div class=\"col-lg-6 align-self-center\">\n                                    <img decoding=\"async\" src=\"https:\/\/vendimax.com.mx\/wp-content\/uploads\/2026\/01\/image-holder.png\" alt=\"\">\n                            <\/div>\n        <\/div>\n    <\/div>\n<\/div>\n\n\n\n\n\n<div class=\"module icon-cards bg-four animate fadeInLeft\">\n    <div class=\"container\">\n        <div class=\"row\">\n                            <h2>\u00bfPor qu\u00e9 elegir Vendimax?<\/h2>\n                                        <span class=\"subtitle\">Un servicio integral que nos diferencia<\/span>\n                    <\/div>\n        <div class=\"row\">\n                                                <div class=\"col-lg-3 col-md-6 col-12\">\n                        <div class=\"card\">\n                                                            <img decoding=\"async\" src=\"https:\/\/vendimax.com.mx\/wp-content\/uploads\/2026\/01\/Background.png\" alt=\"\">\n                                                        <h3>M\u00faltiples Opciones de Pago<\/h3>\n                            <p> Aceptamos efectivo (billetes y monedas), C\u00f3digo QR (Samsung Pay y Apple Pay), tarjeta de cr\u00e9dito\/d\u00e9bito y, \u00a1aceptamos Tarjeta de Vales de Despensa!<\/p>\n                        <\/div>\n                    <\/div>\n                                    <div class=\"col-lg-3 col-md-6 col-12\">\n                        <div class=\"card\">\n                                                            <img decoding=\"async\" src=\"https:\/\/vendimax.com.mx\/wp-content\/uploads\/2026\/01\/Background-1.png\" alt=\"\">\n                                                        <h3>Personaliza tu M\u00e1quina<\/h3>\n                            <p>Implementamos un sistema de sugerencias mediante c\u00f3digo QR que permite a los usuarios recomendar los productos que desean consumir. \u00a1Hacemos tu experiencia \u00fanica! <\/p>\n                        <\/div>\n                    <\/div>\n                                    <div class=\"col-lg-3 col-md-6 col-12\">\n                        <div class=\"card\">\n                                                            <img decoding=\"async\" src=\"https:\/\/vendimax.com.mx\/wp-content\/uploads\/2026\/01\/Background-2.png\" alt=\"\">\n                                                        <h3>Tecnolog\u00eda y Surtido Garantizado<\/h3>\n                            <p>Usamos NAYAX para obtener informaci\u00f3n en tiempo real sobre ventas y productos. Esto optimiza la respuesta y asegura que las m\u00e1quinas est\u00e9n abastecidas.<\/p>\n                        <\/div>\n                    <\/div>\n                                    <div class=\"col-lg-3 col-md-6 col-12\">\n                        <div class=\"card\">\n                                                            <img decoding=\"async\" src=\"https:\/\/vendimax.com.mx\/wp-content\/uploads\/2026\/01\/Background-3.png\" alt=\"\">\n                                                        <h3>Soluci\u00f3n de Fallas en 24 Horas<\/h3>\n                            <p>Resolvemos cualquier falla de manera inmediata. Contamos con personal capacitado y refacciones para ofrecer soluciones en menos de 24 horas.<\/p>\n                        <\/div>\n                    <\/div>\n                                    <\/div>\n    <\/div>\n<\/div>\n\n\n<div class=\"module logos-grid animate fadeInRight\">\n    <div class=\"container\">\n        <div class=\"row\">\n                            <h2>Trabajamos solo con productos originales<\/h2>\n                                        <span class=\"subtitle\">Alianzas estrat\u00e9gicas con las marcas m\u00e1s reconocidas del mercado para garantizar calidad y frescura<\/span>\n                    <\/div>\n\t\t\t\t\t<figure class=\"badge\">\n\t\t\t\t<img decoding=\"async\" src=\"https:\/\/vendimax.com.mx\/wp-content\/uploads\/2026\/03\/ChatGPT-Image-Mar-23-2026-09_38_30-AM.png\" alt\"\" width=\"340\" \/>\n\t\t\t<\/figure>\n\t\t\t\t\n    <\/div>\n<\/div>\n\n\n<div class=\"module highlight-section animate fadeInLeft\" style=\"background-image:url(https:\/\/vendimax.com.mx\/wp-content\/uploads\/2026\/02\/bg-highlight.png); \">\n    <div class=\"container\">\n        <div class=\"row\">\n                            <p>Contamos con una log\u00edstica eficiente<br \/>\nque nos permite atender a m\u00e1s de <strong>15,000 clientes<br \/>\n<\/strong> satisfechos diariamente<\/p>\n                    <\/div>\n    <\/div>\n<\/div>\n\n\n<div class=\"module featured-overview animate fadeInRight\">\n    <div class=\"container\">\n        <div class=\"row\">\n            <div class=\"col-lg-6 order-lg-1 order-md-2\">\n                                    <img decoding=\"async\" src=\"https:\/\/vendimax.com.mx\/wp-content\/uploads\/2026\/01\/Frame-84.png\" alt=\"\">\n                            <\/div>\n            <div class=\"col-lg-6 order-lg-2 order-md-1\">\n                                    <h2>VU\u00c9LVETE ALIADO COMERCIAL<\/h2>\n                                                    <p>Si cuentas con alguna locaci\u00f3n con un aforo promedio de 100 personas. Somos tus aliados ideales.<\/p>\n                                                <div class=\"list\">\n                                        <div class=\"row item-list\">\n                        <div class=\"content\">\n                            <div class=\"number\">\n                                <span>1<\/span>\n                            <\/div>\n                            <span>Revisi\u00f3n prospecto del cliente.<\/span>\n                        <\/div>\n                    <\/div>\n                                        <div class=\"row item-list\">\n                        <div class=\"content\">\n                            <div class=\"number\">\n                                <span>2<\/span>\n                            <\/div>\n                            <span>Acuerdo porcentual de ventas peri\u00f3dicas. #SocioVENDIMAX<\/span>\n                        <\/div>\n                    <\/div>\n                                        <div class=\"row item-list\">\n                        <div class=\"content\">\n                            <div class=\"number\">\n                                <span>3<\/span>\n                            <\/div>\n                            <span>Instalaci\u00f3n y mantenimiento por parte de VENDIMAX.<\/span>\n                        <\/div>\n                    <\/div>\n                                    <\/div>\n                        <\/div>\n        <\/div>\n        <div class=\"row d-flex justify-content-center\">\n                            <span class=\"subtitle\">Garantizamos un excelente servicio y ofrecemos diversos m\u00e9todos de pago por concepto de comisi\u00f3n:<\/span>\n                                                                <div class=\"col-lg-4 col-md-6 col-12\">\n                            <div class=\"card\">\n                                <img decoding=\"async\" src=\"https:\/\/vendimax.com.mx\/wp-content\/uploads\/2026\/01\/Background-4.png\" alt=\"\">\n                                <h3>Pago en Especie<\/h3>\n                                <p>Se paga de manera mensual o bimestral, y en proporci\u00f3n al porcentaje acordado con nuestro socio comercial<\/p>\n                            <\/div>\n                        <\/div>\n                                                            <div class=\"col-lg-4 col-md-6 col-12\">\n                            <div class=\"card\">\n                                <img decoding=\"async\" src=\"https:\/\/vendimax.com.mx\/wp-content\/uploads\/2026\/01\/Background-5.png\" alt=\"\">\n                                <h3>Pago por Transferencia<\/h3>\n                                <p>Almacenamos la informaci\u00f3n de tu cuenta bancaria como nuestro socio comercial para facilitar transferencias mensuales.<\/p>\n                            <\/div>\n                        <\/div>\n                                                            <div class=\"col-lg-4 col-md-6 col-12\">\n                            <div class=\"card\">\n                                <img decoding=\"async\" src=\"https:\/\/vendimax.com.mx\/wp-content\/uploads\/2026\/01\/Background-6.png\" alt=\"\">\n                                <h3>Pago con Caf\u00e9<\/h3>\n                                <p>Te damos una m\u00e1quina de caf\u00e9 a libre demanda para el p\u00fablico (con l\u00edmite mensual de tazas).<\/p>\n                            <\/div>\n                        <\/div>\n                                                        <\/div>\n    <\/div>\n<\/div>\n\n\n\n<div class=\"module featured-cards top animate fadeInLeft\">\n    <div class=\"container\">\n        <div class=\"row\">\n                            <h2>CONOCE NUESTRO CAT\u00c1LOGO<\/h2>\n                                <\/div>\n        <div class=\"row cards\">\n                                                    <div class=\"col-md-6 col-12\">\n                            <div class=\"card\">\n\t\t\t\t\t\t\t\t<figure class=\"machine-img\">\n                                \t<img decoding=\"async\" src=\"https:\/\/vendimax.com.mx\/wp-content\/uploads\/2026\/01\/image-18.png\" alt=\"\">\n\t\t\t\t\t\t\t\t<\/figure>\n                                <h3>AMS VISI COMBO 39<\/h3>\n                                <p>Es una de las m\u00e1quinas m\u00e1s demandadas en el mercado, debido a su gran capacidad para proporcionar una amplia gama de productos y bebidas, cumpliendo con las expectativas de todos los usuarios.<\/p>\n\t\t\t\t\t\t\t\t<div class=\"inline-btns d-flex w-100 gap-3 justify-content-between\">\n\t\t\t\t\t\t\t\t\t\n                                                                    <a href=\"https:\/\/wa.me\/522211066374?text=Quiero%20recibir%20m%C3%A1s%20informaci%C3%B3n%20sobre%20AMS%20VISI%20COMBO%2039\" target=\"_self\" class=\"btn\">\n                                        <svg xmlns=\"http:\/\/www.w3.org\/2000\/svg\" width=\"21\" height=\"21\" fill=\"currentColor\" class=\"bi bi-whatsapp\" viewBox=\"0 0 16 16\">\n                                        <path d=\"M13.601 2.326A7.85 7.85 0 0 0 7.994 0C3.627 0 .068 3.558.064 7.926c0 1.399.366 2.76 1.057 3.965L0 16l4.204-1.102a7.9 7.9 0 0 0 3.79.965h.004c4.368 0 7.926-3.558 7.93-7.93A7.9 7.9 0 0 0 13.6 2.326zM7.994 14.521a6.6 6.6 0 0 1-3.356-.92l-.24-.144-2.494.654.666-2.433-.156-.251a6.56 6.56 0 0 1-1.007-3.505c0-3.626 2.957-6.584 6.591-6.584a6.56 6.56 0 0 1 4.66 1.931 6.56 6.56 0 0 1 1.928 4.66c-.004 3.639-2.961 6.592-6.592 6.592m3.615-4.934c-.197-.099-1.17-.578-1.353-.646-.182-.065-.315-.099-.445.099-.133.197-.513.646-.627.775-.114.133-.232.148-.43.05-.197-.1-.836-.308-1.592-.985-.59-.525-.985-1.175-1.103-1.372-.114-.198-.011-.304.088-.403.087-.088.197-.232.296-.346.1-.114.133-.198.198-.33.065-.134.034-.248-.015-.347-.05-.099-.445-1.076-.612-1.47-.16-.389-.323-.335-.445-.34-.114-.007-.247-.007-.38-.007a.73.73 0 0 0-.529.247c-.182.198-.691.677-.691 1.654s.71 1.916.81 2.049c.098.133 1.394 2.132 3.383 2.992.47.205.84.326 1.129.418.475.152.904.129 1.246.08.38-.058 1.171-.48 1.338-.943.164-.464.164-.86.114-.943-.049-.084-.182-.133-.38-.232\"\/>\n                                        <\/svg>\n                                        <span>Solicita la tuya<\/span>\n                                    <\/a>\n                                \t\t\t\t\t\t\t\t\t\t\t\t\t\t\t\t\t\t\t<a href=\"https:\/\/vendimax.com.mx\/wp-content\/uploads\/2026\/03\/VENDIMAX_COMBO.pdf\" class=\"btn\" target=\"_blank\">\n\t\t\t\t\t\t\t\t\t\t\tDescargar ficha\n\t\t\t\t\t\t\t\t\t\t<\/a>\n\t\t\t\t\t\t\t\t\t\t\t\t\t\t\t\t\t<\/div>\n                            <\/div>\n                        <\/div>\n                                                            <div class=\"col-md-6 col-12\">\n                            <div class=\"card\">\n\t\t\t\t\t\t\t\t<figure class=\"machine-img\">\n                                \t<img decoding=\"async\" src=\"https:\/\/vendimax.com.mx\/wp-content\/uploads\/2026\/01\/Frame-124.png\" alt=\"\">\n\t\t\t\t\t\t\t\t<\/figure>\n                                <h3>Vending Necta OPERA<\/h3>\n                                <p>Opera es una soluci\u00f3n tecnol\u00f3gica avanzada que combina las mejores caracter\u00edsticas del mercado, brindando una amplia gama de opciones y una calidad excepcional en bebidas.<\/p>\n\t\t\t\t\t\t\t\t<div class=\"inline-btns d-flex w-100 gap-3 justify-content-between\">\n\t\t\t\t\t\t\t\t\t\n                                                                    <a href=\"https:\/\/wa.me\/522211066374?text=Quiero%20recibir%20m%C3%A1s%20informaci%C3%B3n%20sobre%20Vending%20Necta%20Opera\" target=\"_blank\" class=\"btn\">\n                                        <svg xmlns=\"http:\/\/www.w3.org\/2000\/svg\" width=\"21\" height=\"21\" fill=\"currentColor\" class=\"bi bi-whatsapp\" viewBox=\"0 0 16 16\">\n                                        <path d=\"M13.601 2.326A7.85 7.85 0 0 0 7.994 0C3.627 0 .068 3.558.064 7.926c0 1.399.366 2.76 1.057 3.965L0 16l4.204-1.102a7.9 7.9 0 0 0 3.79.965h.004c4.368 0 7.926-3.558 7.93-7.93A7.9 7.9 0 0 0 13.6 2.326zM7.994 14.521a6.6 6.6 0 0 1-3.356-.92l-.24-.144-2.494.654.666-2.433-.156-.251a6.56 6.56 0 0 1-1.007-3.505c0-3.626 2.957-6.584 6.591-6.584a6.56 6.56 0 0 1 4.66 1.931 6.56 6.56 0 0 1 1.928 4.66c-.004 3.639-2.961 6.592-6.592 6.592m3.615-4.934c-.197-.099-1.17-.578-1.353-.646-.182-.065-.315-.099-.445.099-.133.197-.513.646-.627.775-.114.133-.232.148-.43.05-.197-.1-.836-.308-1.592-.985-.59-.525-.985-1.175-1.103-1.372-.114-.198-.011-.304.088-.403.087-.088.197-.232.296-.346.1-.114.133-.198.198-.33.065-.134.034-.248-.015-.347-.05-.099-.445-1.076-.612-1.47-.16-.389-.323-.335-.445-.34-.114-.007-.247-.007-.38-.007a.73.73 0 0 0-.529.247c-.182.198-.691.677-.691 1.654s.71 1.916.81 2.049c.098.133 1.394 2.132 3.383 2.992.47.205.84.326 1.129.418.475.152.904.129 1.246.08.38-.058 1.171-.48 1.338-.943.164-.464.164-.86.114-.943-.049-.084-.182-.133-.38-.232\"\/>\n                                        <\/svg>\n                                        <span>Solicita la tuya<\/span>\n                                    <\/a>\n                                \t\t\t\t\t\t\t\t\t\t\t\t\t\t\t\t\t\t\t<a href=\"https:\/\/vendimax.com.mx\/wp-content\/uploads\/2026\/03\/VENDIMAX_OPERA.pdf\" class=\"btn\" target=\"_blank\">\n\t\t\t\t\t\t\t\t\t\t\tDescargar ficha\n\t\t\t\t\t\t\t\t\t\t<\/a>\n\t\t\t\t\t\t\t\t\t\t\t\t\t\t\t\t\t<\/div>\n                            <\/div>\n                        <\/div>\n                                                            <div class=\"col-md-6 col-12\">\n                            <div class=\"card\">\n\t\t\t\t\t\t\t\t<figure class=\"machine-img\">\n                                \t<img decoding=\"async\" src=\"https:\/\/vendimax.com.mx\/wp-content\/uploads\/2026\/01\/image-65.png\" alt=\"\">\n\t\t\t\t\t\t\t\t<\/figure>\n                                <h3>M\u00c1QUINA DE REFRESCO <\/h3>\n                                <p>Especializada en bebidas, con una capacidad de 315 unidades y un sistema de refrigeraci\u00f3n optimizado para almacenar otros productos, como ensaladas, asegurando frescura y calidad.<\/p>\n\t\t\t\t\t\t\t\t<div class=\"inline-btns d-flex w-100 gap-3 justify-content-between\">\n\t\t\t\t\t\t\t\t\t\n                                                                    <a href=\"https:\/\/wa.me\/522211066374?text=Quiero%20recibir%20m%C3%A1s%20informaci%C3%B3n%20sobre%20la%20M\u00c1QUINA%20DE%20REFRESCOS\" target=\"_blank\" class=\"btn\">\n                                        <svg xmlns=\"http:\/\/www.w3.org\/2000\/svg\" width=\"21\" height=\"21\" fill=\"currentColor\" class=\"bi bi-whatsapp\" viewBox=\"0 0 16 16\">\n                                        <path d=\"M13.601 2.326A7.85 7.85 0 0 0 7.994 0C3.627 0 .068 3.558.064 7.926c0 1.399.366 2.76 1.057 3.965L0 16l4.204-1.102a7.9 7.9 0 0 0 3.79.965h.004c4.368 0 7.926-3.558 7.93-7.93A7.9 7.9 0 0 0 13.6 2.326zM7.994 14.521a6.6 6.6 0 0 1-3.356-.92l-.24-.144-2.494.654.666-2.433-.156-.251a6.56 6.56 0 0 1-1.007-3.505c0-3.626 2.957-6.584 6.591-6.584a6.56 6.56 0 0 1 4.66 1.931 6.56 6.56 0 0 1 1.928 4.66c-.004 3.639-2.961 6.592-6.592 6.592m3.615-4.934c-.197-.099-1.17-.578-1.353-.646-.182-.065-.315-.099-.445.099-.133.197-.513.646-.627.775-.114.133-.232.148-.43.05-.197-.1-.836-.308-1.592-.985-.59-.525-.985-1.175-1.103-1.372-.114-.198-.011-.304.088-.403.087-.088.197-.232.296-.346.1-.114.133-.198.198-.33.065-.134.034-.248-.015-.347-.05-.099-.445-1.076-.612-1.47-.16-.389-.323-.335-.445-.34-.114-.007-.247-.007-.38-.007a.73.73 0 0 0-.529.247c-.182.198-.691.677-.691 1.654s.71 1.916.81 2.049c.098.133 1.394 2.132 3.383 2.992.47.205.84.326 1.129.418.475.152.904.129 1.246.08.38-.058 1.171-.48 1.338-.943.164-.464.164-.86.114-.943-.049-.084-.182-.133-.38-.232\"\/>\n                                        <\/svg>\n                                        <span>Solicita la tuya<\/span>\n                                    <\/a>\n                                \t\t\t\t\t\t\t\t\t\t\t\t\t\t\t\t\t\t\t<a href=\"https:\/\/vendimax.com.mx\/wp-content\/uploads\/2026\/03\/VENDIMAX_MAQUINA-DE-REFRESCO.pdf\" class=\"btn\" target=\"_blank\">\n\t\t\t\t\t\t\t\t\t\t\tDescargar ficha\n\t\t\t\t\t\t\t\t\t\t<\/a>\n\t\t\t\t\t\t\t\t\t\t\t\t\t\t\t\t\t<\/div>\n                            <\/div>\n                        <\/div>\n                                                        <\/div>\n                    <div class=\"row all-content\">           \n               <a href=\"\/maquinas\" target=\"_self\" class=\"btn\"><span>Conoce todo nuestro cat\u00e1logo<\/span><\/a>\n            <\/div>\n            <\/div>\n<\/div>\n","protected":false},"excerpt":{"rendered":"","protected":false},"author":1,"featured_media":0,"parent":0,"menu_order":0,"comment_status":"closed","ping_status":"closed","template":"template-empty-page.php","meta":{"_acf_changed":false,"footnotes":""},"class_list":["post-9","page","type-page","status-publish","hentry"],"acf":[],"_links":{"self":[{"href":"https:\/\/vendimax.com.mx\/index.php?rest_route=\/wp\/v2\/pages\/9","targetHints":{"allow":["GET"]}}],"collection":[{"href":"https:\/\/vendimax.com.mx\/index.php?rest_route=\/wp\/v2\/pages"}],"about":[{"href":"https:\/\/vendimax.com.mx\/index.php?rest_route=\/wp\/v2\/types\/page"}],"author":[{"embeddable":true,"href":"https:\/\/vendimax.com.mx\/index.php?rest_route=\/wp\/v2\/users\/1"}],"replies":[{"embeddable":true,"href":"https:\/\/vendimax.com.mx\/index.php?rest_route=%2Fwp%2Fv2%2Fcomments&post=9"}],"version-history":[{"count":32,"href":"https:\/\/vendimax.com.mx\/index.php?rest_route=\/wp\/v2\/pages\/9\/revisions"}],"predecessor-version":[{"id":397,"href":"https:\/\/vendimax.com.mx\/index.php?rest_route=\/wp\/v2\/pages\/9\/revisions\/397"}],"wp:attachment":[{"href":"https:\/\/vendimax.com.mx\/index.php?rest_route=%2Fwp%2Fv2%2Fmedia&parent=9"}],"curies":[{"name":"wp","href":"https:\/\/api.w.org\/{rel}","templated":true}]}}